{"id":2169,"date":"2025-03-20T14:43:57","date_gmt":"2025-03-20T14:43:57","guid":{"rendered":"https:\/\/tergys.com\/terms-of-use\/"},"modified":"2025-06-17T14:37:42","modified_gmt":"2025-06-17T14:37:42","slug":"terms-of-use","status":"publish","type":"page","link":"https:\/\/tergys.com\/en\/terms-of-use\/","title":{"rendered":"Terms of use"},"content":{"rendered":"\t\t<div data-elementor-type=\"wp-page\" data-elementor-id=\"2169\" class=\"elementor elementor-2169 elementor-729\" data-elementor-settings=\"{&quot;header_color&quot;:&quot;white-marge&quot;}\" data-elementor-post-type=\"page\">\n\t\t\t\t<div class=\"elementor-element elementor-element-2f3e425 e-con-full e-flex aspect-ratio-none shadow-none e-con e-parent\" data-id=\"2f3e425\" data-element_type=\"container\" data-e-type=\"container\" data-settings=\"{&quot;aspect-ratio&quot;:&quot;none&quot;,&quot;shadow&quot;:&quot;none&quot;}\">\n\t\t<div class=\"elementor-element elementor-element-95fa2be e-flex e-con-boxed aspect-ratio-none shadow-none e-con e-child\" data-id=\"95fa2be\" data-element_type=\"container\" data-e-type=\"container\" data-settings=\"{&quot;background_background&quot;:&quot;classic&quot;,&quot;background_motion_fx_motion_fx_scrolling&quot;:&quot;yes&quot;,&quot;background_motion_fx_translateY_effect&quot;:&quot;yes&quot;,&quot;background_motion_fx_translateY_speed&quot;:{&quot;unit&quot;:&quot;px&quot;,&quot;size&quot;:10,&quot;sizes&quot;:[]},&quot;aspect-ratio&quot;:&quot;none&quot;,&quot;shadow&quot;:&quot;none&quot;,&quot;background_motion_fx_translateY_affectedRange&quot;:{&quot;unit&quot;:&quot;%&quot;,&quot;size&quot;:&quot;&quot;,&quot;sizes&quot;:{&quot;start&quot;:0,&quot;end&quot;:100}},&quot;background_motion_fx_devices&quot;:[&quot;desktop&quot;,&quot;tablet&quot;,&quot;mobile&quot;]}\">\n\t\t\t\t\t<div class=\"e-con-inner\">\n\t\t\t\t<div class=\"elementor-element elementor-element-b62b561 elementor-widget elementor-widget-breadcrumbs\" data-id=\"b62b561\" data-element_type=\"widget\" data-e-type=\"widget\" data-widget_type=\"breadcrumbs.default\">\n\t\t\t\t\t<p id=\"breadcrumbs\"><span><span><a href=\"https:\/\/tergys.com\/en\/home\/\">Home<\/a><\/span><\/span><\/p>\t\t\t\t<\/div>\n\t\t\t\t<div class=\"elementor-element elementor-element-4a6e8ad heading-none elementor-widget elementor-widget-heading\" data-id=\"4a6e8ad\" data-element_type=\"widget\" data-e-type=\"widget\" data-settings=\"{&quot;background_heading&quot;:&quot;none&quot;}\" data-widget_type=\"heading.default\">\n\t\t\t\t\t<h1 class=\"elementor-heading-title elementor-size-default\">Terms of use<\/h1>\t\t\t\t<\/div>\n\t\t\t\t<div class=\"elementor-element elementor-element-7434091 heading-none elementor-widget elementor-widget-heading\" data-id=\"7434091\" data-element_type=\"widget\" data-e-type=\"widget\" data-settings=\"{&quot;background_heading&quot;:&quot;none&quot;}\" data-widget_type=\"heading.default\">\n\t\t\t\t\t<p class=\"elementor-heading-title elementor-size-default\"><a href=\"mailto:contact@tergys.com\">S.A.S Tergys\n17, Rue de Commandant Charcot\n33290 BLANQUEFORT<\/a><\/p>\t\t\t\t<\/div>\n\t\t\t\t<div class=\"elementor-element elementor-element-28926c2 elementor-view-stacked elementor-shape-rounded elementor-absolute elementor-widget elementor-widget-icon\" data-id=\"28926c2\" data-element_type=\"widget\" data-e-type=\"widget\" data-settings=\"{&quot;_position&quot;:&quot;absolute&quot;}\" data-widget_type=\"icon.default\">\n\t\t\t\t\t\t\t<div class=\"elementor-icon-wrapper\">\n\t\t\t<div class=\"elementor-icon\">\n\t\t\t<i aria-hidden=\"true\" class=\"icon icon-arrow-down\"><\/i>\t\t\t<\/div>\n\t\t<\/div>\n\t\t\t\t\t\t<\/div>\n\t\t\t\t\t<\/div>\n\t\t\t\t<\/div>\n\t\t\t\t<\/div>\n\t\t<div class=\"elementor-element elementor-element-69f2c6c4 e-flex e-con-boxed aspect-ratio-none shadow-none e-con e-parent\" data-id=\"69f2c6c4\" data-element_type=\"container\" data-e-type=\"container\" data-settings=\"{&quot;aspect-ratio&quot;:&quot;none&quot;,&quot;shadow&quot;:&quot;none&quot;}\">\n\t\t\t\t\t<div class=\"e-con-inner\">\n\t\t\t\t<div class=\"elementor-element elementor-element-4d20b02 elementor-widget elementor-widget-text-editor\" data-id=\"4d20b02\" data-element_type=\"widget\" data-e-type=\"widget\" data-widget_type=\"text-editor.default\">\n\t\t\t\t\t\t\t\t\t\n<h2 class=\"wp-block-heading\">Who we are<\/h2>\n\n<p>Our website address is: https:\/\/tergys.com.<\/p>\n\n<p>Site manager: Herv\u00e9 Suty<\/p>\n\n<p>Manager&#8217;s e-mail address: <a href=\"mailto:herve.suty@tergys.com\">herve.suty@tergys.com<\/a><\/p>\n\n<h2 class=\"wp-block-heading\">Company<\/h2>\n\n<p>S.A.S Tergys<br>17, Rue de Commandant Charcot<br>33290 BLANQUEFORT<\/p>\n\n<p>Siret : 83176659700015<\/p>\n\n<h2 class=\"wp-block-heading\">Host<\/h2>\n\n<p>OVH<\/p>\n\n<p>SAS with capital of \u20ac10,059,500<\/p>\n\n<p>RCS Lille M\u00e9tropole 424 761 419 00045<br>Code APE 6202A<br>N\u00b0 TVA : FR 22 424 761 419<br>Head office : 2 rue Kellermann &#8211; 59100 Roubaix &#8211; France.<\/p>\n\t\t\t\t\t\t\t\t<\/div>\n\t\t\t\t\t<\/div>\n\t\t\t\t<\/div>\n\t\t\t\t<\/div>\n\t\t","protected":false},"excerpt":{"rendered":"<p>S.A.S Tergys 17, Rue de Commandant Charcot 33290 BLANQUEFORT Who we are Our website address is: https:\/\/tergys.com. Site manager: Herv\u00e9 Suty Manager&#8217;s e-mail address: herve.suty@tergys.com Company S.A.S Tergys17, Rue de Commandant Charcot33290 BLANQUEFORT Siret : 83176659700015 Host OVH SAS with capital of \u20ac10,059,500 RCS Lille M\u00e9tropole 424 761 419 00045Code APE 6202AN\u00b0 TVA : FR [&hellip;]<\/p>\n","protected":false},"author":1,"featured_media":0,"parent":0,"menu_order":0,"comment_status":"closed","ping_status":"closed","template":"","meta":{"_acf_changed":false,"footnotes":""},"class_list":["post-2169","page","type-page","status-publish","hentry"],"acf":[],"yoast_head":"<!-- This site is optimized with the Yoast SEO plugin v27.3 - https:\/\/yoast.com\/product\/yoast-seo-wordpress\/ -->\n<title>Terms of use - Tergys<\/title>\n<meta name=\"robots\" content=\"index, follow, max-snippet:-1, max-image-preview:large, max-video-preview:-1\" \/>\n<link rel=\"canonical\" href=\"https:\/\/tergys.com\/en\/terms-of-use\/\" \/>\n<meta property=\"og:locale\" content=\"en_US\" \/>\n<meta property=\"og:type\" content=\"article\" \/>\n<meta property=\"og:title\" content=\"Terms of use - Tergys\" \/>\n<meta property=\"og:description\" content=\"S.A.S Tergys 17, Rue de Commandant Charcot 33290 BLANQUEFORT Who we are Our website address is: https:\/\/tergys.com. Site manager: Herv\u00e9 Suty Manager&#8217;s e-mail address: herve.suty@tergys.com Company S.A.S Tergys17, Rue de Commandant Charcot33290 BLANQUEFORT Siret : 83176659700015 Host OVH SAS with capital of \u20ac10,059,500 RCS Lille M\u00e9tropole 424 761 419 00045Code APE 6202AN\u00b0 TVA : FR [&hellip;]\" \/>\n<meta property=\"og:url\" content=\"https:\/\/tergys.com\/en\/terms-of-use\/\" \/>\n<meta property=\"og:site_name\" content=\"Tergys\" \/>\n<meta property=\"article:modified_time\" content=\"2025-06-17T14:37:42+00:00\" \/>\n<meta property=\"og:image\" content=\"https:\/\/tergys.com\/wp-content\/uploads\/2025\/02\/logo-tergys.png\" \/>\n\t<meta property=\"og:image:width\" content=\"279\" \/>\n\t<meta property=\"og:image:height\" content=\"82\" \/>\n\t<meta property=\"og:image:type\" content=\"image\/png\" \/>\n<meta name=\"twitter:card\" content=\"summary_large_image\" \/>\n<script type=\"application\/ld+json\" class=\"yoast-schema-graph\">{\"@context\":\"https:\\\/\\\/schema.org\",\"@graph\":[{\"@type\":\"WebPage\",\"@id\":\"https:\\\/\\\/tergys.com\\\/en\\\/terms-of-use\\\/\",\"url\":\"https:\\\/\\\/tergys.com\\\/en\\\/terms-of-use\\\/\",\"name\":\"Terms of use - Tergys\",\"isPartOf\":{\"@id\":\"https:\\\/\\\/tergys.com\\\/en\\\/#website\"},\"datePublished\":\"2025-03-20T14:43:57+00:00\",\"dateModified\":\"2025-06-17T14:37:42+00:00\",\"breadcrumb\":{\"@id\":\"https:\\\/\\\/tergys.com\\\/en\\\/terms-of-use\\\/#breadcrumb\"},\"inLanguage\":\"en-US\",\"potentialAction\":[{\"@type\":\"ReadAction\",\"target\":[\"https:\\\/\\\/tergys.com\\\/en\\\/terms-of-use\\\/\"]}]},{\"@type\":\"BreadcrumbList\",\"@id\":\"https:\\\/\\\/tergys.com\\\/en\\\/terms-of-use\\\/#breadcrumb\",\"itemListElement\":[{\"@type\":\"ListItem\",\"position\":1,\"name\":\"Home\",\"item\":\"https:\\\/\\\/tergys.com\\\/en\\\/home\\\/\"},{\"@type\":\"ListItem\",\"position\":2,\"name\":\"Terms of use\"}]},{\"@type\":\"WebSite\",\"@id\":\"https:\\\/\\\/tergys.com\\\/en\\\/#website\",\"url\":\"https:\\\/\\\/tergys.com\\\/en\\\/\",\"name\":\"Tergys\",\"description\":\"Une r\u00e9ponse durable \u00e0 vos besoins en eau potable, dessal\u00e9e et recycl\u00e9e\",\"publisher\":{\"@id\":\"https:\\\/\\\/tergys.com\\\/en\\\/#organization\"},\"alternateName\":\"Tergys | Solutions autonomes en \u00e9nergie verte\",\"potentialAction\":[{\"@type\":\"SearchAction\",\"target\":{\"@type\":\"EntryPoint\",\"urlTemplate\":\"https:\\\/\\\/tergys.com\\\/en\\\/?s={search_term_string}\"},\"query-input\":{\"@type\":\"PropertyValueSpecification\",\"valueRequired\":true,\"valueName\":\"search_term_string\"}}],\"inLanguage\":\"en-US\"},{\"@type\":\"Organization\",\"@id\":\"https:\\\/\\\/tergys.com\\\/en\\\/#organization\",\"name\":\"Tergys\",\"alternateName\":\"Tergys | Solutions autonomes en \u00e9nergie verte\",\"url\":\"https:\\\/\\\/tergys.com\\\/en\\\/\",\"logo\":{\"@type\":\"ImageObject\",\"inLanguage\":\"en-US\",\"@id\":\"https:\\\/\\\/tergys.com\\\/en\\\/#\\\/schema\\\/logo\\\/image\\\/\",\"url\":\"https:\\\/\\\/tergys.com\\\/wp-content\\\/uploads\\\/2025\\\/02\\\/logo-tergys.png\",\"contentUrl\":\"https:\\\/\\\/tergys.com\\\/wp-content\\\/uploads\\\/2025\\\/02\\\/logo-tergys.png\",\"width\":279,\"height\":82,\"caption\":\"Tergys\"},\"image\":{\"@id\":\"https:\\\/\\\/tergys.com\\\/en\\\/#\\\/schema\\\/logo\\\/image\\\/\"}}]}<\/script>\n<!-- \/ Yoast SEO plugin. -->","yoast_head_json":{"title":"Terms of use - Tergys","robots":{"index":"index","follow":"follow","max-snippet":"max-snippet:-1","max-image-preview":"max-image-preview:large","max-video-preview":"max-video-preview:-1"},"canonical":"https:\/\/tergys.com\/en\/terms-of-use\/","og_locale":"en_US","og_type":"article","og_title":"Terms of use - Tergys","og_description":"S.A.S Tergys 17, Rue de Commandant Charcot 33290 BLANQUEFORT Who we are Our website address is: https:\/\/tergys.com. Site manager: Herv\u00e9 Suty Manager&#8217;s e-mail address: herve.suty@tergys.com Company S.A.S Tergys17, Rue de Commandant Charcot33290 BLANQUEFORT Siret : 83176659700015 Host OVH SAS with capital of \u20ac10,059,500 RCS Lille M\u00e9tropole 424 761 419 00045Code APE 6202AN\u00b0 TVA : FR [&hellip;]","og_url":"https:\/\/tergys.com\/en\/terms-of-use\/","og_site_name":"Tergys","article_modified_time":"2025-06-17T14:37:42+00:00","og_image":[{"width":279,"height":82,"url":"https:\/\/tergys.com\/wp-content\/uploads\/2025\/02\/logo-tergys.png","type":"image\/png"}],"twitter_card":"summary_large_image","schema":{"@context":"https:\/\/schema.org","@graph":[{"@type":"WebPage","@id":"https:\/\/tergys.com\/en\/terms-of-use\/","url":"https:\/\/tergys.com\/en\/terms-of-use\/","name":"Terms of use - Tergys","isPartOf":{"@id":"https:\/\/tergys.com\/en\/#website"},"datePublished":"2025-03-20T14:43:57+00:00","dateModified":"2025-06-17T14:37:42+00:00","breadcrumb":{"@id":"https:\/\/tergys.com\/en\/terms-of-use\/#breadcrumb"},"inLanguage":"en-US","potentialAction":[{"@type":"ReadAction","target":["https:\/\/tergys.com\/en\/terms-of-use\/"]}]},{"@type":"BreadcrumbList","@id":"https:\/\/tergys.com\/en\/terms-of-use\/#breadcrumb","itemListElement":[{"@type":"ListItem","position":1,"name":"Home","item":"https:\/\/tergys.com\/en\/home\/"},{"@type":"ListItem","position":2,"name":"Terms of use"}]},{"@type":"WebSite","@id":"https:\/\/tergys.com\/en\/#website","url":"https:\/\/tergys.com\/en\/","name":"Tergys","description":"Une r\u00e9ponse durable \u00e0 vos besoins en eau potable, dessal\u00e9e et recycl\u00e9e","publisher":{"@id":"https:\/\/tergys.com\/en\/#organization"},"alternateName":"Tergys | Solutions autonomes en \u00e9nergie verte","potentialAction":[{"@type":"SearchAction","target":{"@type":"EntryPoint","urlTemplate":"https:\/\/tergys.com\/en\/?s={search_term_string}"},"query-input":{"@type":"PropertyValueSpecification","valueRequired":true,"valueName":"search_term_string"}}],"inLanguage":"en-US"},{"@type":"Organization","@id":"https:\/\/tergys.com\/en\/#organization","name":"Tergys","alternateName":"Tergys | Solutions autonomes en \u00e9nergie verte","url":"https:\/\/tergys.com\/en\/","logo":{"@type":"ImageObject","inLanguage":"en-US","@id":"https:\/\/tergys.com\/en\/#\/schema\/logo\/image\/","url":"https:\/\/tergys.com\/wp-content\/uploads\/2025\/02\/logo-tergys.png","contentUrl":"https:\/\/tergys.com\/wp-content\/uploads\/2025\/02\/logo-tergys.png","width":279,"height":82,"caption":"Tergys"},"image":{"@id":"https:\/\/tergys.com\/en\/#\/schema\/logo\/image\/"}}]}},"_links":{"self":[{"href":"https:\/\/tergys.com\/en\/wp-json\/wp\/v2\/pages\/2169","targetHints":{"allow":["GET"]}}],"collection":[{"href":"https:\/\/tergys.com\/en\/wp-json\/wp\/v2\/pages"}],"about":[{"href":"https:\/\/tergys.com\/en\/wp-json\/wp\/v2\/types\/page"}],"author":[{"embeddable":true,"href":"https:\/\/tergys.com\/en\/wp-json\/wp\/v2\/users\/1"}],"replies":[{"embeddable":true,"href":"https:\/\/tergys.com\/en\/wp-json\/wp\/v2\/comments?post=2169"}],"version-history":[{"count":19,"href":"https:\/\/tergys.com\/en\/wp-json\/wp\/v2\/pages\/2169\/revisions"}],"predecessor-version":[{"id":2353,"href":"https:\/\/tergys.com\/en\/wp-json\/wp\/v2\/pages\/2169\/revisions\/2353"}],"wp:attachment":[{"href":"https:\/\/tergys.com\/en\/wp-json\/wp\/v2\/media?parent=2169"}],"curies":[{"name":"wp","href":"https:\/\/api.w.org\/{rel}","templated":true}]}}