{"id":2246,"date":"2025-03-20T14:45:53","date_gmt":"2025-03-20T14:45:53","guid":{"rendered":"https:\/\/tergys.com\/contact\/"},"modified":"2026-01-15T10:44:07","modified_gmt":"2026-01-15T10:44:07","slug":"contact","status":"publish","type":"page","link":"https:\/\/tergys.com\/en\/contact\/","title":{"rendered":"Contact"},"content":{"rendered":"\t\t<div data-elementor-type=\"wp-page\" data-elementor-id=\"2246\" class=\"elementor elementor-2246 elementor-738\" data-elementor-settings=\"{&quot;header_color&quot;:&quot;white-marge&quot;}\" data-elementor-post-type=\"page\">\n\t\t\t\t<div class=\"elementor-element elementor-element-4ba6436 e-con-full e-flex aspect-ratio-none shadow-none e-con e-parent\" data-id=\"4ba6436\" data-element_type=\"container\" data-e-type=\"container\" data-settings=\"{&quot;aspect-ratio&quot;:&quot;none&quot;,&quot;shadow&quot;:&quot;none&quot;}\">\n\t\t<div class=\"elementor-element elementor-element-f8749a0 e-flex e-con-boxed aspect-ratio-none shadow-none e-con e-child\" data-id=\"f8749a0\" data-element_type=\"container\" data-e-type=\"container\" data-settings=\"{&quot;background_background&quot;:&quot;classic&quot;,&quot;background_motion_fx_motion_fx_scrolling&quot;:&quot;yes&quot;,&quot;background_motion_fx_translateY_effect&quot;:&quot;yes&quot;,&quot;background_motion_fx_translateY_speed&quot;:{&quot;unit&quot;:&quot;px&quot;,&quot;size&quot;:10,&quot;sizes&quot;:[]},&quot;aspect-ratio&quot;:&quot;none&quot;,&quot;shadow&quot;:&quot;none&quot;,&quot;background_motion_fx_translateY_affectedRange&quot;:{&quot;unit&quot;:&quot;%&quot;,&quot;size&quot;:&quot;&quot;,&quot;sizes&quot;:{&quot;start&quot;:0,&quot;end&quot;:100}},&quot;background_motion_fx_devices&quot;:[&quot;desktop&quot;,&quot;tablet&quot;,&quot;mobile&quot;]}\">\n\t\t\t\t\t<div class=\"e-con-inner\">\n\t\t\t\t<div class=\"elementor-element elementor-element-f839889 elementor-widget elementor-widget-breadcrumbs\" data-id=\"f839889\" data-element_type=\"widget\" data-e-type=\"widget\" data-widget_type=\"breadcrumbs.default\">\n\t\t\t\t\t<p id=\"breadcrumbs\"><span><span><a href=\"https:\/\/tergys.com\/en\/home\/\">Home<\/a><\/span><\/span><\/p>\t\t\t\t<\/div>\n\t\t\t\t<div class=\"elementor-element elementor-element-5d558ab heading-none elementor-widget elementor-widget-heading\" data-id=\"5d558ab\" data-element_type=\"widget\" data-e-type=\"widget\" data-settings=\"{&quot;background_heading&quot;:&quot;none&quot;}\" data-widget_type=\"heading.default\">\n\t\t\t\t\t<h1 class=\"elementor-heading-title elementor-size-default\">Contact us<\/h1>\t\t\t\t<\/div>\n\t\t\t\t<div class=\"elementor-element elementor-element-e1c370f heading-none elementor-widget elementor-widget-heading\" data-id=\"e1c370f\" data-element_type=\"widget\" data-e-type=\"widget\" data-settings=\"{&quot;background_heading&quot;:&quot;none&quot;}\" data-widget_type=\"heading.default\">\n\t\t\t\t\t<p class=\"elementor-heading-title elementor-size-default\"><a href=\"mailto:contact@tergys.com\">contact@tergys.com<\/a><\/p>\t\t\t\t<\/div>\n\t\t\t\t<div class=\"elementor-element elementor-element-d47c92e elementor-view-stacked elementor-shape-rounded elementor-absolute elementor-widget elementor-widget-icon\" data-id=\"d47c92e\" data-element_type=\"widget\" data-e-type=\"widget\" data-settings=\"{&quot;_position&quot;:&quot;absolute&quot;}\" data-widget_type=\"icon.default\">\n\t\t\t\t\t\t\t<div class=\"elementor-icon-wrapper\">\n\t\t\t<div class=\"elementor-icon\">\n\t\t\t<i aria-hidden=\"true\" class=\"icon icon-arrow-down\"><\/i>\t\t\t<\/div>\n\t\t<\/div>\n\t\t\t\t\t\t<\/div>\n\t\t\t\t<div class=\"elementor-element elementor-element-6b6489a heading-none elementor-widget elementor-widget-heading\" data-id=\"6b6489a\" data-element_type=\"widget\" data-e-type=\"widget\" data-settings=\"{&quot;background_heading&quot;:&quot;none&quot;}\" data-widget_type=\"heading.default\">\n\t\t\t\t\t<p class=\"elementor-heading-title elementor-size-default\">+33 6 10 63 09 41<\/p>\t\t\t\t<\/div>\n\t\t\t\t\t<\/div>\n\t\t\t\t<\/div>\n\t\t\t\t<\/div>\n\t\t<div class=\"elementor-element elementor-element-61528fd e-flex e-con-boxed aspect-ratio-none shadow-none e-con e-parent\" data-id=\"61528fd\" data-element_type=\"container\" data-e-type=\"container\" data-settings=\"{&quot;aspect-ratio&quot;:&quot;none&quot;,&quot;shadow&quot;:&quot;none&quot;}\">\n\t\t\t\t\t<div class=\"e-con-inner\">\n\t\t<div class=\"elementor-element elementor-element-70fa972 e-con-full e-flex aspect-ratio-none shadow-none e-con e-child\" data-id=\"70fa972\" data-element_type=\"container\" data-e-type=\"container\" data-settings=\"{&quot;aspect-ratio&quot;:&quot;none&quot;,&quot;shadow&quot;:&quot;none&quot;}\">\n\t\t\t\t<div class=\"elementor-element elementor-element-5f5e098 elementor-widget elementor-widget-text-editor\" data-id=\"5f5e098\" data-element_type=\"widget\" data-e-type=\"widget\" data-widget_type=\"text-editor.default\">\n\t\t\t\t\t\t\t\t\t<p>S.A.S Tergys<br>17, Rue de Commandant Charcot<br>33290 BLANQUEFORT<\/p><p>Siret : 83176659700015<\/p>\t\t\t\t\t\t\t\t<\/div>\n\t\t\t\t<div class=\"elementor-element elementor-element-70b1a83 elementor-widget-divider--view-line elementor-widget elementor-widget-divider\" data-id=\"70b1a83\" data-element_type=\"widget\" data-e-type=\"widget\" data-widget_type=\"divider.default\">\n\t\t\t\t\t\t\t<div class=\"elementor-divider\">\n\t\t\t<span class=\"elementor-divider-separator\">\n\t\t\t\t\t\t<\/span>\n\t\t<\/div>\n\t\t\t\t\t\t<\/div>\n\t\t\t\t<div class=\"elementor-element elementor-element-bbcfd40 elementor-widget elementor-widget-text-editor\" data-id=\"bbcfd40\" data-element_type=\"widget\" data-e-type=\"widget\" data-widget_type=\"text-editor.default\">\n\t\t\t\t\t\t\t\t\t<p><strong>Ludovic Renoux<\/strong><br>Sales Manager<br>+33 6 25 05 11 61<br>ludovic.renoux.@tergys.com<\/p><p><strong>C\u00e9dric Tollu<\/strong><br>R&amp;D Manager<br>+33 6 87 47 69 87<br>cedric.tollu@tergys.com<\/p><p><strong>Herv\u00e9 Suty<\/strong><br>PDG<br>+33 6 10 63 09 41<br>herve.suty@tergys.com<\/p>\t\t\t\t\t\t\t\t<\/div>\n\t\t\t\t<\/div>\n\t\t<div class=\"elementor-element elementor-element-23fa4c6 e-con-full shadow-big e-flex aspect-ratio-none e-con e-child\" data-id=\"23fa4c6\" data-element_type=\"container\" data-e-type=\"container\" data-settings=\"{&quot;shadow&quot;:&quot;big&quot;,&quot;background_background&quot;:&quot;classic&quot;,&quot;aspect-ratio&quot;:&quot;none&quot;}\">\n\t\t<div class=\"elementor-element elementor-element-937119a e-con-full e-flex aspect-ratio-none shadow-none e-con e-child\" data-id=\"937119a\" data-element_type=\"container\" data-e-type=\"container\" data-settings=\"{&quot;aspect-ratio&quot;:&quot;none&quot;,&quot;shadow&quot;:&quot;none&quot;}\">\n\t\t\t\t<div class=\"elementor-element elementor-element-1ed7edd elementor-button-align-stretch elementor-widget elementor-widget-form\" data-id=\"1ed7edd\" data-element_type=\"widget\" data-e-type=\"widget\" data-settings=\"{&quot;step_next_label&quot;:&quot;Next&quot;,&quot;step_previous_label&quot;:&quot;Previous&quot;,&quot;button_width&quot;:&quot;100&quot;,&quot;step_type&quot;:&quot;number_text&quot;,&quot;step_icon_shape&quot;:&quot;circle&quot;}\" data-widget_type=\"form.default\">\n\t\t\t\t\t\t\t<form class=\"elementor-form\" method=\"post\" name=\"Contact form\" aria-label=\"Contact form\">\n\t\t\t<input type=\"hidden\" name=\"post_id\" value=\"2246\"\/>\n\t\t\t<input type=\"hidden\" name=\"form_id\" value=\"1ed7edd\"\/>\n\t\t\t<input type=\"hidden\" name=\"referer_title\" value=\"Tergys\" \/>\n\n\t\t\t\n\t\t\t<div class=\"elementor-form-fields-wrapper elementor-labels-\">\n\t\t\t\t\t\t\t\t<div class=\"elementor-field-type-text elementor-field-group elementor-column elementor-field-group-nom elementor-col-50 elementor-field-required\">\n\t\t\t\t\t\t\t\t\t\t\t\t<label for=\"form-field-nom\" class=\"elementor-field-label elementor-screen-only\">\n\t\t\t\t\t\t\t\tName\t\t\t\t\t\t\t<\/label>\n\t\t\t\t\t\t\t\t\t\t\t\t\t\t<input size=\"1\" type=\"text\" name=\"form_fields[nom]\" id=\"form-field-nom\" class=\"elementor-field elementor-size-sm  elementor-field-textual\" placeholder=\"Name\" required=\"required\">\n\t\t\t\t\t\t\t\t\t\t\t<\/div>\n\t\t\t\t\t\t\t\t<div class=\"elementor-field-type-text elementor-field-group elementor-column elementor-field-group-prenom elementor-col-50 elementor-field-required\">\n\t\t\t\t\t\t\t\t\t\t\t\t<label for=\"form-field-prenom\" class=\"elementor-field-label elementor-screen-only\">\n\t\t\t\t\t\t\t\tFirst name\t\t\t\t\t\t\t<\/label>\n\t\t\t\t\t\t\t\t\t\t\t\t\t\t<input size=\"1\" type=\"text\" name=\"form_fields[prenom]\" id=\"form-field-prenom\" class=\"elementor-field elementor-size-sm  elementor-field-textual\" placeholder=\"First name\" required=\"required\">\n\t\t\t\t\t\t\t\t\t\t\t<\/div>\n\t\t\t\t\t\t\t\t<div class=\"elementor-field-type-email elementor-field-group elementor-column elementor-field-group-email elementor-col-50 elementor-field-required\">\n\t\t\t\t\t\t\t\t\t\t\t\t<label for=\"form-field-email\" class=\"elementor-field-label elementor-screen-only\">\n\t\t\t\t\t\t\t\tE-mail\t\t\t\t\t\t\t<\/label>\n\t\t\t\t\t\t\t\t\t\t\t\t\t\t<input size=\"1\" type=\"email\" name=\"form_fields[email]\" id=\"form-field-email\" class=\"elementor-field elementor-size-sm  elementor-field-textual\" placeholder=\"E-mail\" required=\"required\">\n\t\t\t\t\t\t\t\t\t\t\t<\/div>\n\t\t\t\t\t\t\t\t<div class=\"elementor-field-type-text elementor-field-group elementor-column elementor-field-group-field_6b59607 elementor-col-50 elementor-field-required\">\n\t\t\t\t\t\t\t\t\t\t\t\t<label for=\"form-field-field_6b59607\" class=\"elementor-field-label elementor-screen-only\">\n\t\t\t\t\t\t\t\tCompany\t\t\t\t\t\t\t<\/label>\n\t\t\t\t\t\t\t\t\t\t\t\t\t\t<input size=\"1\" type=\"text\" name=\"form_fields[field_6b59607]\" id=\"form-field-field_6b59607\" class=\"elementor-field elementor-size-sm  elementor-field-textual\" placeholder=\"Company\" required=\"required\">\n\t\t\t\t\t\t\t\t\t\t\t<\/div>\n\t\t\t\t\t\t\t\t<div class=\"elementor-field-type-textarea elementor-field-group elementor-column elementor-field-group-message elementor-col-100 elementor-field-required\">\n\t\t\t\t\t\t\t\t\t\t\t\t<label for=\"form-field-message\" class=\"elementor-field-label elementor-screen-only\">\n\t\t\t\t\t\t\t\tMessage\t\t\t\t\t\t\t<\/label>\n\t\t\t\t\t\t<textarea class=\"elementor-field-textual elementor-field  elementor-size-sm\" name=\"form_fields[message]\" id=\"form-field-message\" rows=\"4\" placeholder=\"Message\" required=\"required\"><\/textarea>\t\t\t\t<\/div>\n\t\t\t\t\t\t\t\t<div class=\"elementor-field-type-text\">\n\t\t\t\t\t<input size=\"1\" type=\"text\" name=\"form_fields[field_e517fc9]\" id=\"form-field-field_e517fc9\" class=\"elementor-field elementor-size-sm \" style=\"display:none !important;\">\t\t\t\t<\/div>\n\t\t\t\t\t\t\t\t<div class=\"elementor-field-type-recaptcha_v3 elementor-field-group elementor-column elementor-field-group-field_0bd89e3 elementor-col-100 recaptcha_v3-bottomright\">\n\t\t\t\t\t<div class=\"elementor-field\" id=\"form-field-field_0bd89e3\"><div class=\"elementor-g-recaptcha\" data-sitekey=\"6LcKhwIrAAAAALljBINSwdNEYYbG7KKB4wbCT7cO\" data-type=\"v3\" data-action=\"Form\" data-badge=\"bottomright\" data-size=\"invisible\"><\/div><\/div>\t\t\t\t<\/div>\n\t\t\t\t\t\t\t\t<div class=\"elementor-field-group elementor-column elementor-field-type-submit elementor-col-100 e-form__buttons\">\n\t\t\t\t\t<button class=\"elementor-button elementor-size-sm\" type=\"submit\">\n\t\t\t\t\t\t<span class=\"elementor-button-content-wrapper\">\n\t\t\t\t\t\t\t\t\t\t\t\t\t\t\t\t\t\t\t\t\t\t<span class=\"elementor-button-text\">Send<\/span>\n\t\t\t\t\t\t\t\t\t\t\t\t\t<\/span>\n\t\t\t\t\t<\/button>\n\t\t\t\t<\/div>\n\t\t\t<\/div>\n\t\t<\/form>\n\t\t\t\t\t\t<\/div>\n\t\t\t\t<\/div>\n\t\t\t\t<\/div>\n\t\t\t\t\t<\/div>\n\t\t\t\t<\/div>\n\t\t\t\t<\/div>\n\t\t","protected":false},"excerpt":{"rendered":"<p>Contact us contact@tergys.com +33 6 10 63 09 41 S.A.S Tergys17, Rue de Commandant Charcot33290 BLANQUEFORT Siret : 83176659700015 Ludovic RenouxSales Manager+33 6 25 05 11 61ludovic.renoux.@tergys.com C\u00e9dric TolluR&amp;D Manager+33 6 87 47 69 87cedric.tollu@tergys.com Herv\u00e9 SutyPDG+33 6 10 63 09 41herve.suty@tergys.com<\/p>\n","protected":false},"author":1,"featured_media":0,"parent":0,"menu_order":0,"comment_status":"closed","ping_status":"closed","template":"","meta":{"_acf_changed":false,"footnotes":""},"class_list":["post-2246","page","type-page","status-publish","hentry"],"acf":[],"yoast_head":"<!-- This site is optimized with the Yoast SEO plugin v27.3 - https:\/\/yoast.com\/product\/yoast-seo-wordpress\/ -->\n<title>Contact - Tergys<\/title>\n<meta name=\"description\" content=\"Contact TERGYS for your autonomous water solutions, water treatment and desalination projects. Tailored studies and expert support.\" \/>\n<meta name=\"robots\" content=\"index, follow, max-snippet:-1, max-image-preview:large, max-video-preview:-1\" \/>\n<link rel=\"canonical\" href=\"https:\/\/tergys.com\/en\/contact\/\" \/>\n<meta property=\"og:locale\" content=\"en_US\" \/>\n<meta property=\"og:type\" content=\"article\" \/>\n<meta property=\"og:title\" content=\"Contact - Tergys\" \/>\n<meta property=\"og:description\" content=\"Contact TERGYS for your autonomous water solutions, water treatment and desalination projects. Tailored studies and expert support.\" \/>\n<meta property=\"og:url\" content=\"https:\/\/tergys.com\/en\/contact\/\" \/>\n<meta property=\"og:site_name\" content=\"Tergys\" \/>\n<meta property=\"article:modified_time\" content=\"2026-01-15T10:44:07+00:00\" \/>\n<meta property=\"og:image\" content=\"https:\/\/tergys.com\/wp-content\/uploads\/2025\/02\/logo-tergys.png\" \/>\n\t<meta property=\"og:image:width\" content=\"279\" \/>\n\t<meta property=\"og:image:height\" content=\"82\" \/>\n\t<meta property=\"og:image:type\" content=\"image\/png\" \/>\n<meta name=\"twitter:card\" content=\"summary_large_image\" \/>\n<script type=\"application\/ld+json\" class=\"yoast-schema-graph\">{\"@context\":\"https:\\\/\\\/schema.org\",\"@graph\":[{\"@type\":\"WebPage\",\"@id\":\"https:\\\/\\\/tergys.com\\\/en\\\/contact\\\/\",\"url\":\"https:\\\/\\\/tergys.com\\\/en\\\/contact\\\/\",\"name\":\"Contact - Tergys\",\"isPartOf\":{\"@id\":\"https:\\\/\\\/tergys.com\\\/en\\\/#website\"},\"datePublished\":\"2025-03-20T14:45:53+00:00\",\"dateModified\":\"2026-01-15T10:44:07+00:00\",\"description\":\"Contact TERGYS for your autonomous water solutions, water treatment and desalination projects. Tailored studies and expert support.\",\"breadcrumb\":{\"@id\":\"https:\\\/\\\/tergys.com\\\/en\\\/contact\\\/#breadcrumb\"},\"inLanguage\":\"en-US\",\"potentialAction\":[{\"@type\":\"ReadAction\",\"target\":[\"https:\\\/\\\/tergys.com\\\/en\\\/contact\\\/\"]}]},{\"@type\":\"BreadcrumbList\",\"@id\":\"https:\\\/\\\/tergys.com\\\/en\\\/contact\\\/#breadcrumb\",\"itemListElement\":[{\"@type\":\"ListItem\",\"position\":1,\"name\":\"Home\",\"item\":\"https:\\\/\\\/tergys.com\\\/en\\\/home\\\/\"},{\"@type\":\"ListItem\",\"position\":2,\"name\":\"Contact\"}]},{\"@type\":\"WebSite\",\"@id\":\"https:\\\/\\\/tergys.com\\\/en\\\/#website\",\"url\":\"https:\\\/\\\/tergys.com\\\/en\\\/\",\"name\":\"Tergys\",\"description\":\"Une r\u00e9ponse durable \u00e0 vos besoins en eau potable, dessal\u00e9e et recycl\u00e9e\",\"publisher\":{\"@id\":\"https:\\\/\\\/tergys.com\\\/en\\\/#organization\"},\"alternateName\":\"Tergys | Solutions autonomes en \u00e9nergie verte\",\"potentialAction\":[{\"@type\":\"SearchAction\",\"target\":{\"@type\":\"EntryPoint\",\"urlTemplate\":\"https:\\\/\\\/tergys.com\\\/en\\\/?s={search_term_string}\"},\"query-input\":{\"@type\":\"PropertyValueSpecification\",\"valueRequired\":true,\"valueName\":\"search_term_string\"}}],\"inLanguage\":\"en-US\"},{\"@type\":\"Organization\",\"@id\":\"https:\\\/\\\/tergys.com\\\/en\\\/#organization\",\"name\":\"Tergys\",\"alternateName\":\"Tergys | Solutions autonomes en \u00e9nergie verte\",\"url\":\"https:\\\/\\\/tergys.com\\\/en\\\/\",\"logo\":{\"@type\":\"ImageObject\",\"inLanguage\":\"en-US\",\"@id\":\"https:\\\/\\\/tergys.com\\\/en\\\/#\\\/schema\\\/logo\\\/image\\\/\",\"url\":\"https:\\\/\\\/tergys.com\\\/wp-content\\\/uploads\\\/2025\\\/02\\\/logo-tergys.png\",\"contentUrl\":\"https:\\\/\\\/tergys.com\\\/wp-content\\\/uploads\\\/2025\\\/02\\\/logo-tergys.png\",\"width\":279,\"height\":82,\"caption\":\"Tergys\"},\"image\":{\"@id\":\"https:\\\/\\\/tergys.com\\\/en\\\/#\\\/schema\\\/logo\\\/image\\\/\"}}]}<\/script>\n<!-- \/ Yoast SEO plugin. -->","yoast_head_json":{"title":"Contact - Tergys","description":"Contact TERGYS for your autonomous water solutions, water treatment and desalination projects. Tailored studies and expert support.","robots":{"index":"index","follow":"follow","max-snippet":"max-snippet:-1","max-image-preview":"max-image-preview:large","max-video-preview":"max-video-preview:-1"},"canonical":"https:\/\/tergys.com\/en\/contact\/","og_locale":"en_US","og_type":"article","og_title":"Contact - Tergys","og_description":"Contact TERGYS for your autonomous water solutions, water treatment and desalination projects. Tailored studies and expert support.","og_url":"https:\/\/tergys.com\/en\/contact\/","og_site_name":"Tergys","article_modified_time":"2026-01-15T10:44:07+00:00","og_image":[{"width":279,"height":82,"url":"https:\/\/tergys.com\/wp-content\/uploads\/2025\/02\/logo-tergys.png","type":"image\/png"}],"twitter_card":"summary_large_image","schema":{"@context":"https:\/\/schema.org","@graph":[{"@type":"WebPage","@id":"https:\/\/tergys.com\/en\/contact\/","url":"https:\/\/tergys.com\/en\/contact\/","name":"Contact - Tergys","isPartOf":{"@id":"https:\/\/tergys.com\/en\/#website"},"datePublished":"2025-03-20T14:45:53+00:00","dateModified":"2026-01-15T10:44:07+00:00","description":"Contact TERGYS for your autonomous water solutions, water treatment and desalination projects. Tailored studies and expert support.","breadcrumb":{"@id":"https:\/\/tergys.com\/en\/contact\/#breadcrumb"},"inLanguage":"en-US","potentialAction":[{"@type":"ReadAction","target":["https:\/\/tergys.com\/en\/contact\/"]}]},{"@type":"BreadcrumbList","@id":"https:\/\/tergys.com\/en\/contact\/#breadcrumb","itemListElement":[{"@type":"ListItem","position":1,"name":"Home","item":"https:\/\/tergys.com\/en\/home\/"},{"@type":"ListItem","position":2,"name":"Contact"}]},{"@type":"WebSite","@id":"https:\/\/tergys.com\/en\/#website","url":"https:\/\/tergys.com\/en\/","name":"Tergys","description":"Une r\u00e9ponse durable \u00e0 vos besoins en eau potable, dessal\u00e9e et recycl\u00e9e","publisher":{"@id":"https:\/\/tergys.com\/en\/#organization"},"alternateName":"Tergys | Solutions autonomes en \u00e9nergie verte","potentialAction":[{"@type":"SearchAction","target":{"@type":"EntryPoint","urlTemplate":"https:\/\/tergys.com\/en\/?s={search_term_string}"},"query-input":{"@type":"PropertyValueSpecification","valueRequired":true,"valueName":"search_term_string"}}],"inLanguage":"en-US"},{"@type":"Organization","@id":"https:\/\/tergys.com\/en\/#organization","name":"Tergys","alternateName":"Tergys | Solutions autonomes en \u00e9nergie verte","url":"https:\/\/tergys.com\/en\/","logo":{"@type":"ImageObject","inLanguage":"en-US","@id":"https:\/\/tergys.com\/en\/#\/schema\/logo\/image\/","url":"https:\/\/tergys.com\/wp-content\/uploads\/2025\/02\/logo-tergys.png","contentUrl":"https:\/\/tergys.com\/wp-content\/uploads\/2025\/02\/logo-tergys.png","width":279,"height":82,"caption":"Tergys"},"image":{"@id":"https:\/\/tergys.com\/en\/#\/schema\/logo\/image\/"}}]}},"_links":{"self":[{"href":"https:\/\/tergys.com\/en\/wp-json\/wp\/v2\/pages\/2246","targetHints":{"allow":["GET"]}}],"collection":[{"href":"https:\/\/tergys.com\/en\/wp-json\/wp\/v2\/pages"}],"about":[{"href":"https:\/\/tergys.com\/en\/wp-json\/wp\/v2\/types\/page"}],"author":[{"embeddable":true,"href":"https:\/\/tergys.com\/en\/wp-json\/wp\/v2\/users\/1"}],"replies":[{"embeddable":true,"href":"https:\/\/tergys.com\/en\/wp-json\/wp\/v2\/comments?post=2246"}],"version-history":[{"count":7,"href":"https:\/\/tergys.com\/en\/wp-json\/wp\/v2\/pages\/2246\/revisions"}],"predecessor-version":[{"id":2706,"href":"https:\/\/tergys.com\/en\/wp-json\/wp\/v2\/pages\/2246\/revisions\/2706"}],"wp:attachment":[{"href":"https:\/\/tergys.com\/en\/wp-json\/wp\/v2\/media?parent=2246"}],"curies":[{"name":"wp","href":"https:\/\/api.w.org\/{rel}","templated":true}]}}